{"id":52752,"date":"2024-05-01T16:52:06","date_gmt":"2024-05-01T14:52:06","guid":{"rendered":"https:\/\/www.autisme.com\/formacio\/"},"modified":"2024-12-13T13:47:17","modified_gmt":"2024-12-13T11:47:17","slug":"formacion","status":"publish","type":"page","link":"https:\/\/www.autisme.com\/es\/formacion\/","title":{"rendered":"Formaci\u00f3n"},"content":{"rendered":"<div class=\"wpb-content-wrapper\"><p>[vc_row][vc_column el_id=\u00bbinfo-contacte\u00bb]<div class=\"ult-spacer spacer-69d50bd970766\" data-id=\"69d50bd970766\" data-height=\"40\" data-height-mobile=\"0\" data-height-tab=\"40\" data-height-tab-portrait=\"40\" data-height-mobile-landscape=\"0\" style=\"clear:both;display:block;\"><\/div>[vc_row_inner el_class=\u00bbbloc-contacte\u00bb][vc_column_inner][vc_column_text css=\u00bb\u00bb]<\/p>\n<h2>Formulario de inscripci\u00f3n en la formaci\u00f3n \u00ab<strong>Autismo y salud<\/strong>\u00ab<\/h2>\n<p>El pr\u00f3ximo viernes <strong>13<\/strong>\u00a0de <b>diciembre <\/b>a las <strong>17h<\/strong>. se llevar\u00e1 a cabo la sesi\u00f3n \u00ab<strong>autismo y salud<\/strong>\u00ab, a cargo del dr. Francesco Panicali.<\/p>\n<p>M\u00e1s informaci\u00f3n sobre la formaci\u00f3n \u00ab<strong><a href=\"https:\/\/www.autisme.com\/es\/2024\/11\/19\/autismo-y-salud\/\" target=\"_blank\" rel=\"noopener\">Autismo y salud<\/a><\/strong>\u00ab.<\/p>\n<p>La sesi\u00f3n es gratuita y se llevar\u00e1 a cabo en la sede social de la <strong>CERAC<\/strong>, en la Ronda del Carril 75 de la Garriga, el pr\u00f3ximo viernes <b>13 <\/b>de <b>diciembre <\/b>a las <b>17<\/b>h. La duraci\u00f3n de la sesi\u00f3n ser\u00e1 de una hora y se destinar\u00e1 \u00bd h. m\u00e1s a resolver dudas.<\/p>\n<p>En cumplimiento del nuevo RGPD, autisme la garriga le informa que los datos de este formulario ser\u00e1n incorporados a un fichero propiedad de las entidades que conforman el proyecto autisme la garriga con el fin de dar respuesta a sus cuestiones y, si es el caso, de mantenerle informado sobre actos y actividades relacionados con el proyecto. En cualquier momento usted podr\u00e1 ejercer los derechos de acceso, rectificaci\u00f3n, portabilidad y oposici\u00f3n, y, en su caso, la limitaci\u00f3n y cancelaci\u00f3n, comunic\u00e1ndolo por escrito, indicando sus datos personales en la Ronda del Carril, 75 , 08530 la Garriga o mediante el env\u00edo de un correo electr\u00f3nico a autismelagarriga@autisme.com.<\/p>\n<p>Para enviar el mensaje debe leer y aceptar la\u00a0<a href=\"https:\/\/www.autisme.com\/es\/politica-de-privacidad\/\" target=\"_blank\" rel=\"noopener\">pol\u00edtica de privacidad<\/a>\u00a0de autismo la garriga.<\/p>\n<p><strong>Inscripciones cerradas.<\/strong>[\/vc_column_text][\/vc_column_inner][\/vc_row_inner]<div class=\"ult-spacer spacer-69d50bd970856\" data-id=\"69d50bd970856\" data-height=\"60\" data-height-mobile=\"60\" data-height-tab=\"60\" data-height-tab-portrait=\"60\" data-height-mobile-landscape=\"60\" style=\"clear:both;display:block;\"><\/div>[\/vc_column][\/vc_row][vc_row][vc_column][\/vc_column][\/vc_row]<\/p>\n<\/div>","protected":false},"excerpt":{"rendered":"<p>[vc_row][vc_column el_id=\u00bbinfo-contacte\u00bb][vc_row_inner el_class=\u00bbbloc-contacte\u00bb][vc_column_inner][vc_column_text css=\u00bb\u00bb] Formulario de inscripci\u00f3n en la formaci\u00f3n \u00abAutismo y salud\u00ab El pr\u00f3ximo viernes 13\u00a0de diciembre a las 17h. se llevar\u00e1 a cabo la sesi\u00f3n \u00abautismo y salud\u00ab, a cargo del dr. Francesco Panicali. M\u00e1s informaci\u00f3n sobre la formaci\u00f3n \u00abAutismo y salud\u00ab. La sesi\u00f3n es gratuita y se llevar\u00e1 a cabo en la&hellip;<\/p>\n","protected":false},"author":1,"featured_media":0,"parent":0,"menu_order":0,"comment_status":"closed","ping_status":"closed","template":"","meta":{"footnotes":""},"class_list":["post-52752","page","type-page","status-publish","hentry","description-off"],"yoast_head":"<!-- This site is optimized with the Yoast SEO plugin v27.2 - https:\/\/yoast.com\/product\/yoast-seo-wordpress\/ -->\n<title>Formaci\u00f3n - Autisme la Garriga<\/title>\n<meta name=\"description\" content=\"Formaciones sobre autismo (TEA) a personas afectadas, familiares y profesionales.\" \/>\n<meta name=\"robots\" content=\"index, follow, max-snippet:-1, max-image-preview:large, max-video-preview:-1\" \/>\n<link rel=\"canonical\" href=\"https:\/\/www.autisme.com\/es\/formacion\/\" \/>\n<meta property=\"og:locale\" content=\"es_ES\" \/>\n<meta property=\"og:type\" content=\"article\" \/>\n<meta property=\"og:title\" content=\"Formaci\u00f3n - Autisme la Garriga\" \/>\n<meta property=\"og:description\" content=\"Formaciones sobre autismo (TEA) a personas afectadas, familiares y profesionales.\" \/>\n<meta property=\"og:url\" content=\"https:\/\/www.autisme.com\/es\/formacion\/\" \/>\n<meta property=\"og:site_name\" content=\"Autisme la Garriga\" \/>\n<meta property=\"article:modified_time\" content=\"2024-12-13T11:47:17+00:00\" \/>\n<meta name=\"twitter:card\" content=\"summary_large_image\" \/>\n<meta name=\"twitter:label1\" content=\"Tiempo de lectura\" \/>\n\t<meta name=\"twitter:data1\" content=\"2 minutos\" \/>\n<script type=\"application\/ld+json\" class=\"yoast-schema-graph\">{\"@context\":\"https:\/\/schema.org\",\"@graph\":[{\"@type\":\"WebPage\",\"@id\":\"https:\/\/www.autisme.com\/es\/formacion\/\",\"url\":\"https:\/\/www.autisme.com\/es\/formacion\/\",\"name\":\"Formaci\u00f3n - Autisme la Garriga\",\"isPartOf\":{\"@id\":\"https:\/\/www.autisme.com\/es\/#website\"},\"datePublished\":\"2024-05-01T14:52:06+00:00\",\"dateModified\":\"2024-12-13T11:47:17+00:00\",\"description\":\"Formaciones sobre autismo (TEA) a personas afectadas, familiares y profesionales.\",\"breadcrumb\":{\"@id\":\"https:\/\/www.autisme.com\/es\/formacion\/#breadcrumb\"},\"inLanguage\":\"es\",\"potentialAction\":[{\"@type\":\"ReadAction\",\"target\":[\"https:\/\/www.autisme.com\/es\/formacion\/\"]}]},{\"@type\":\"BreadcrumbList\",\"@id\":\"https:\/\/www.autisme.com\/es\/formacion\/#breadcrumb\",\"itemListElement\":[{\"@type\":\"ListItem\",\"position\":1,\"name\":\"Inici\",\"item\":\"https:\/\/www.autisme.com\/es\/\"},{\"@type\":\"ListItem\",\"position\":2,\"name\":\"Formaci\u00f3n\"}]},{\"@type\":\"WebSite\",\"@id\":\"https:\/\/www.autisme.com\/es\/#website\",\"url\":\"https:\/\/www.autisme.com\/es\/\",\"name\":\"Autisme la Garriga\",\"description\":\"\",\"potentialAction\":[{\"@type\":\"SearchAction\",\"target\":{\"@type\":\"EntryPoint\",\"urlTemplate\":\"https:\/\/www.autisme.com\/es\/?s={search_term_string}\"},\"query-input\":{\"@type\":\"PropertyValueSpecification\",\"valueRequired\":true,\"valueName\":\"search_term_string\"}}],\"inLanguage\":\"es\"}]}<\/script>\n<!-- \/ Yoast SEO plugin. -->","yoast_head_json":{"title":"Formaci\u00f3n - Autisme la Garriga","description":"Formaciones sobre autismo (TEA) a personas afectadas, familiares y profesionales.","robots":{"index":"index","follow":"follow","max-snippet":"max-snippet:-1","max-image-preview":"max-image-preview:large","max-video-preview":"max-video-preview:-1"},"canonical":"https:\/\/www.autisme.com\/es\/formacion\/","og_locale":"es_ES","og_type":"article","og_title":"Formaci\u00f3n - Autisme la Garriga","og_description":"Formaciones sobre autismo (TEA) a personas afectadas, familiares y profesionales.","og_url":"https:\/\/www.autisme.com\/es\/formacion\/","og_site_name":"Autisme la Garriga","article_modified_time":"2024-12-13T11:47:17+00:00","twitter_card":"summary_large_image","twitter_misc":{"Tiempo de lectura":"2 minutos"},"schema":{"@context":"https:\/\/schema.org","@graph":[{"@type":"WebPage","@id":"https:\/\/www.autisme.com\/es\/formacion\/","url":"https:\/\/www.autisme.com\/es\/formacion\/","name":"Formaci\u00f3n - Autisme la Garriga","isPartOf":{"@id":"https:\/\/www.autisme.com\/es\/#website"},"datePublished":"2024-05-01T14:52:06+00:00","dateModified":"2024-12-13T11:47:17+00:00","description":"Formaciones sobre autismo (TEA) a personas afectadas, familiares y profesionales.","breadcrumb":{"@id":"https:\/\/www.autisme.com\/es\/formacion\/#breadcrumb"},"inLanguage":"es","potentialAction":[{"@type":"ReadAction","target":["https:\/\/www.autisme.com\/es\/formacion\/"]}]},{"@type":"BreadcrumbList","@id":"https:\/\/www.autisme.com\/es\/formacion\/#breadcrumb","itemListElement":[{"@type":"ListItem","position":1,"name":"Inici","item":"https:\/\/www.autisme.com\/es\/"},{"@type":"ListItem","position":2,"name":"Formaci\u00f3n"}]},{"@type":"WebSite","@id":"https:\/\/www.autisme.com\/es\/#website","url":"https:\/\/www.autisme.com\/es\/","name":"Autisme la Garriga","description":"","potentialAction":[{"@type":"SearchAction","target":{"@type":"EntryPoint","urlTemplate":"https:\/\/www.autisme.com\/es\/?s={search_term_string}"},"query-input":{"@type":"PropertyValueSpecification","valueRequired":true,"valueName":"search_term_string"}}],"inLanguage":"es"}]}},"_links":{"self":[{"href":"https:\/\/www.autisme.com\/es\/wp-json\/wp\/v2\/pages\/52752","targetHints":{"allow":["GET"]}}],"collection":[{"href":"https:\/\/www.autisme.com\/es\/wp-json\/wp\/v2\/pages"}],"about":[{"href":"https:\/\/www.autisme.com\/es\/wp-json\/wp\/v2\/types\/page"}],"author":[{"embeddable":true,"href":"https:\/\/www.autisme.com\/es\/wp-json\/wp\/v2\/users\/1"}],"replies":[{"embeddable":true,"href":"https:\/\/www.autisme.com\/es\/wp-json\/wp\/v2\/comments?post=52752"}],"version-history":[{"count":0,"href":"https:\/\/www.autisme.com\/es\/wp-json\/wp\/v2\/pages\/52752\/revisions"}],"wp:attachment":[{"href":"https:\/\/www.autisme.com\/es\/wp-json\/wp\/v2\/media?parent=52752"}],"curies":[{"name":"wp","href":"https:\/\/api.w.org\/{rel}","templated":true}]}}