{"id":52977,"date":"2024-12-18T12:19:35","date_gmt":"2024-12-18T10:19:35","guid":{"rendered":"https:\/\/www.autisme.com\/esport\/"},"modified":"2024-12-20T13:58:59","modified_gmt":"2024-12-20T11:58:59","slug":"deporte","status":"publish","type":"page","link":"https:\/\/www.autisme.com\/es\/deporte\/","title":{"rendered":"\u00bfTe gusta el deporte?"},"content":{"rendered":"<div class=\"wpb-content-wrapper\"><p>[vc_row full_width=\u00bbstretch_row\u00bb bg_type=\u00bbbg_color\u00bb bg_color_value=\u00bb#ffffff\u00bb][vc_column][vc_column_text css=\u00bb.vc_custom_1734600763018{margin-top: 40px !important;}\u00bb]<\/p>\n<h1 style=\"text-align: center;\">\u00bfTe gusta el deporte?<\/h1>\n<p>[\/vc_column_text][vc_single_image image=\u00bb52875&#8243; img_size=\u00bbfull\u00bb css=\u00bb\u00bb][vc_row_inner el_id=\u00bbvine\u00bb][vc_column_inner width=\u00bb1\/2&#8243;][vc_column_text css=\u00bb\u00bb]<\/p>\n<h3>Hacer deporte en <strong>autisme la garriga<\/strong> puede ser una experiencia enriquecedora, ya que la entidad promueve actividades f\u00edsicas adaptadas para personas con Trastorno del Espectro Autista (TEA).<br \/>\nEstas actividades est\u00e1n dise\u00f1adas para fomentar el bienestar f\u00edsico, la socializaci\u00f3n, la inclusi\u00f3n y el desarrollo de habilidades motoras.<\/h3>\n<p>[\/vc_column_text][\/vc_column_inner][vc_column_inner width=\u00bb1\/2&#8243;][vc_column_text css=\u00bb\u00bb]<strong>autisme la garriga<\/strong> suele incluir actividades deportivas como parte de su programa educativo y terap\u00e9utico.<\/p>\n<ul>\n<li>Gimnasia adaptada.<\/li>\n<li>Nataci\u00f3n terap\u00e9utica.<\/li>\n<li>Juegos grupales y de coordinaci\u00f3n motora.<\/li>\n<li>Actividades de relajaci\u00f3n.<\/li>\n<\/ul>\n<p>Estos deportes est\u00e1n adaptados para las capacidades y necesidades espec\u00edficas de las personas con TEA, apoyadas por monitores especializados.<\/p>\n<p><strong>autisme la garriga<\/strong> tambi\u00e9n colabora con organizaciones deportivas locales para facilitar el acceso a instalaciones y actividades inclusivas.<\/p>\n<p><strong>autisme la garriga<\/strong> dispone de espacios adaptados para la pr\u00e1ctica de deporte en un entorno seguro. Esto incluye un gimnasio, piscina, patios o zonas al aire libre, donde las personas usuarias pueden participar en actividades f\u00edsicas de manera estructurada.<\/p>\n<p><strong>autisme la garriga<\/strong> tambi\u00e9n organiza o participa en eventos deportivos inclusivos, como carreras solidarias, caminatas, o competiciones adaptadas, donde tanto las personas usuarias como sus familias y la comunidad pueden involucrarse.<\/p>\n<p>Si eres un apasionado del deporte de todo tipo, \u00bfqu\u00e9 te parece organizar una carrera solidaria?[\/vc_column_text][\/vc_column_inner][\/vc_row_inner][vc_empty_space][\/vc_column][\/vc_row][vc_row][vc_column el_id=\u00bbcontacta\u00bb][vc_column_text css=\u00bb\u00bb]<\/p>\n<h2>Formulario de propuesta de participaci\u00f3n y\/o colaboraci\u00f3n<\/h2>\n<p>[\/vc_column_text][vc_raw_html css=\u00bb\u00bb]JTNDc2NyaXB0JTIwdHlwZSUzRCUyMnRleHQlMkZqYXZhc2NyaXB0JTIyJTIwc3JjJTNEJTI3aHR0cHMlM0ElMkYlMkZhdXRpc21lLnNpbmVyZ2lhY3JtLm9yZyUyRmNhY2hlJTJGaW5jbHVkZSUyRmphdmFzY3JpcHQlMkZzdWdhcl9ncnAxLmpzJTNGdiUzRDdXRlpuTUdid1FQUVotc3hkblhSbVElMjclM0UlM0MlMkZzY3JpcHQlM0UlMEQlMEElM0Nmb3JtJTIwaWQlM0QlMjJXZWJUb0xlYWRGb3JtJTIyJTIwYWN0aW9uJTNEJTIyaHR0cHMlM0ElMkYlMkZhdXRpc21lLnNpbmVyZ2lhY3JtLm9yZyUyRmluZGV4LnBocCUzRmVudHJ5UG9pbnQlM0RzdGljX1dlYl9Gb3Jtc19zYXZlUmVjYXB0Y2hhJTIyJTIwbWV0aG9kJTNEJTIyUE9TVCUyMiUyMG5hbWUlM0QlMjJXZWJUb0xlYWRGb3JtJTIyJTNFJTBEJTBBJTBEJTBBJTNDZGl2JTIwY2xhc3MlM0QlMjJyb3clMjIlM0UlMEQlMEElM0NkaXYlMjBjbGFzcyUzRCUyMmNvbCUyMiUzRSUzQ2xhYmVsJTNFTm9tYnJlJTNBJTIwJTNDJTJGbGFiZWwlM0UlM0NpbnB1dCUyMG5hbWUlM0QlMjJmaXJzdF9uYW1lJTIyJTIwaWQlM0QlMjJmaXJzdF9uYW1lJTIyJTIwdHlwZSUzRCUyMnRleHQlMjIlMjAlMkYlM0UlM0MlMkZkaXYlM0UlMEQlMEElM0NkaXYlMjBjbGFzcyUzRCUyMmNvbCUyMiUzRSVDMiVBMCUzQyUyRmRpdiUzRSUwRCUwQSUzQ2RpdiUyMGNsYXNzJTNEJTIyY2xlYXIlMjIlM0UlQzIlQTAlM0MlMkZkaXYlM0UlMEQlMEElM0MlMkZkaXYlM0UlMEQlMEElM0NkaXYlMjBjbGFzcyUzRCUyMnJvdyUyMiUzRSUwRCUwQSUzQ2RpdiUyMGNsYXNzJTNEJTIyY29sJTIyJTNFJTNDbGFiZWwlM0VQcmltZXIlMjBhcGVsbGlkbyUyMCUzQ3NwYW4lMjBjbGFzcyUzRCUyMnJlcXVpcmVkJTIyJTNFJTI4b2JsaWdhdG9yaW8lMjklM0ElMjAlM0MlMkZzcGFuJTNFJTNDJTJGbGFiZWwlM0UlM0NpbnB1dCUyMG5hbWUlM0QlMjJsYXN0X25hbWUlMjIlMjBpZCUzRCUyMmxhc3RfbmFtZSUyMiUyMHR5cGUlM0QlMjJ0ZXh0JTIyJTIwcmVxdWlyZWQlM0QlMjIlMjIlMjAlMkYlM0UlM0MlMkZkaXYlM0UlMEQlMEElM0NkaXYlMjBjbGFzcyUzRCUyMmNvbCUyMiUzRSVDMiVBMCUzQyUyRmRpdiUzRSUwRCUwQSUzQ2RpdiUyMGNsYXNzJTNEJTIyY2xlYXIlMjIlM0UlQzIlQTAlM0MlMkZkaXYlM0UlMEQlMEElM0MlMkZkaXYlM0UlMEQlMEElM0NkaXYlMjBjbGFzcyUzRCUyMnJvdyUyMiUzRSUwRCUwQSUzQ2RpdiUyMGNsYXNzJTNEJTIyY29sJTIyJTNFJTNDbGFiZWwlM0VEaXJlY2NpJUMzJUIzbiUyMGRlJTIwY29ycmVvJTIwZWxlY3RyJUMzJUIzbmljbyUyMCUzQ3NwYW4lMjBjbGFzcyUzRCUyMnJlcXVpcmVkJTIyJTNFJTI4b2JsaWdhdG9yaW8lMjklM0ElMjAlM0MlMkZzcGFuJTNFJTNDJTJGbGFiZWwlM0UlM0NpbnB1dCUyMG5hbWUlM0QlMjJlbWFpbDElMjIlMjBpZCUzRCUyMmVtYWlsMSUyMiUyMHR5cGUlM0QlMjJlbWFpbCUyMiUyMHJlcXVpcmVkJTNEJTIyJTIyJTIwJTJGJTNFJTNDJTJGZGl2JTNFJTBEJTBBJTNDZGl2JTIwY2xhc3MlM0QlMjJjb2wlMjIlM0UlQzIlQTAlM0MlMkZkaXYlM0UlMEQlMEElM0NkaXYlMjBjbGFzcyUzRCUyMmNsZWFyJTIyJTNFJUMyJUEwJTNDJTJGZGl2JTNFJTBEJTBBJTNDJTJGZGl2JTNFJTBEJTBBJTNDZGl2JTIwY2xhc3MlM0QlMjJyb3clMjIlM0UlMEQlMEElM0NkaXYlMjBjbGFzcyUzRCUyMmNvbCUyMiUzRSUzQ2xhYmVsJTNFU3UlMjBtZW5zYWplJTNBJTIwJTNDJTJGbGFiZWwlM0UlMEQlMEElM0NzcGFuJTIwY2xhc3MlM0QlMjJzdWdhcnNsb3QlMjIlM0UlMEQlMEElM0N0ZXh0YXJlYSUyMHN0eWxlJTNEJTIyd2lkdGglM0ElMjAxMDAlMjUlMjIlMjBuYW1lJTNEJTIyZGVzY3JpcHRpb24lMjIlMjBpZCUzRCUyMmRlc2NyaXB0aW9uJTIyJTJGJTNFJTNDJTJGdGV4dGFyZWElM0UlM0MlMkZzcGFuJTNFJTNDJTJGZGl2JTNFJTBEJTBBJTNDZGl2JTIwY2xhc3MlM0QlMjJjb2wlMjIlM0UlQzIlQTAlM0MlMkZkaXYlM0UlMEQlMEElM0NkaXYlMjBjbGFzcyUzRCUyMmNsZWFyJTIyJTNFJUMyJUEwJTNDJTJGZGl2JTNFJTBEJTBBJTNDJTJGZGl2JTNFJTBEJTBBJTBEJTBBJTNDcCUzRSUzQ3NwYW4lM0VQYXJhJTIwZW52aWFyJTIwZWwlMjBtZW5zYWplJTIwZGViZSUyMGxlZXIlMjB5JTIwYWNlcHRhciUyMGxhJTIwJTNDYSUyMGhyZWYlM0QlMjJodHRwcyUzQSUyRiUyRnd3dy5hdXRpc21lLmNvbSUyRnBvbGl0aWNhLWRlLXByaXZhY2l0YXQlMjIlMjB0YXJnZXQlM0QlMjJfYmxhbmslMjIlM0Vwb2wlQzMlQUR0aWNhJTIwZGUlMjBwcml2YWNpZGFkJTNDJTJGYSUzRSUyMGRlJTIwJTNDYiUzRWF1dGlzbWUlMjBsYSUyMGdhcnJpZ2ElM0MlMkZiJTNFLiUyMExhJTIwY29tdW5pY2FjaSVDMyVCM24lMjBlbnZpYWRhJTIwc2VyJUMzJUExJTIwb2JqZXRvJTIwZGUlMjB0cmF0YW1pZW50byUyMHBvciUyMHBhcnRlJTIwZGUlMjAlM0NiJTNFYXV0aXNtZSUyMGxhJTIwZ2FycmlnYSUzQyUyRmIlM0UuJTIwRXN0YSUyMGNvbXVuaWNhY2klQzMlQjNuJTIwc2UlMjB1dGlsaXphciVDMyVBMSUyMGV4Y2x1c2l2YW1lbnRlJTIwcGFyYSUyMHRyYXRhciUyMHN1cyUyMGRhdG9zJTIwcGFyYSUyMGF0ZW5kZXIlMjBzdSUyMHNvbGljaXR1ZCUyQyUyMHNpZW1wcmUlMjBkZSUyMGNvbmZvcm1pZGFkJTIwY29uJTIwZWwlMjBSZWdsYW1lbnRvJTIwJTI4VUUlMjklMjAyMDE2JTJGNjc5JTIwZGUlMjAyNyUyMGRlJTIwYWJyaWwlMjBkZSUyMDIwMTYlMjAlMjhSR1BEJTI5JTJDJTIwbGElMjBMZXklMjBPcmclQzMlQTFuaWNhJTIwMyUyRjIwMTglMjBkZSUyMDUlMjBkZSUyMGRpY2llbWJyZSUyMCUyOExPUERHREQlMjklMjB5JTIwZGVtJUMzJUExcyUyMG5vcm1hdGl2YSUyMGxlZ2FsJTIwdmlnZW50ZSUyMGVuJTIwbWF0ZXJpYSUyMGRlJTIwcHJvdGVjY2klQzMlQjNuJTIwZGUlMjBkYXRvcyUyMHBlcnNvbmFsZXMlMjBzb2JyZSUyMHByb3RlY2NpJUMzJUIzbiUyMGRlJTIwZGF0b3MuJTIwU3VzJTIwZGF0b3MlMjBubyUyMHNlJTIwY29tdW5pY2FyJUMzJUExbiUyMGElMjB0ZXJjZXJvcyUyQyUyMHNhbHZvJTIwcG9yJTIwb2JsaWdhY2klQzMlQjNuJTIwbGVnYWwlMkMlMjBtYW50ZW5pJUMzJUE5bmRvc2UlMjBtaWVudHJhcyUyMG5vJTIwc29saWNpdGUlMjBzdSUyMGNhbmNlbGFjaSVDMyVCM24uJTIwRW4lMjBjdWFscXVpZXIlMjBtb21lbnRvJTIwdXN0ZWQlMjBwb2RyJUMzJUExJTIwZWplcmNlciUyMGxvcyUyMGRlcmVjaG9zJTIwZGUlMjBhY2Nlc28lMkMlMjByZWN0aWZpY2FjaSVDMyVCM24lMkMlMjBwb3J0YWJpbGlkYWQlMjB5JTIwb3Bvc2ljaSVDMyVCM24lMkMlMjB5JTJDJTIwZW4lMjBzdSUyMGNhc28lMkMlMjBsYSUyMGxpbWl0YWNpJUMzJUIzbiUyMHklMjBjYW5jZWxhY2klQzMlQjNuJTJDJTIwY29tdW5pYyVDMyVBMW5kb2xvJTIwcG9yJTIwZXNjcml0byUyQyUyMGluZGljYW5kbyUyMHN1cyUyMGRhdG9zJTIwcGVyc29uYWxlcyUyMGVuJTIwbGElMjBSb25kYSUyMGRlbCUyMENhcnJpbCUyQyUyMDc1JTIwJTJDJTIwMDg1MzAlMjBsYSUyMEdhcnJpZ2ElMjBvJTIwbWVkaWFudGUlMjBlbCUyMGVudiVDMyVBRG8lMjBkZSUyMHVuJTIwY29ycmVvJTIwZWxlY3RyJUMzJUIzbmljbyUyMGElMjBhdXRpc21lbGFnYXJyaWdhJTQwYXV0aXNtZS5jb20uJTNDJTJGc3BhbiUzRSUzQyUyRnAlM0UlMEQlMEElM0NwJTNFJTNDc3BhbiUzRSUwRCUwQUhlJTIwbGUlQzMlQURkbyUyMHklMjBhY2VwdG8lMjBsYSUyMCUzQ2ElMjBocmVmJTNEJTIyaHR0cHMlM0ElMkYlMkZ3d3cuYXV0aXNtZS5jb20lMkZlcyUyRnBvbGl0aWNhLWRlLXByaXZhY2lkYWQlMkYlMjIlMjB0YXJnZXQlM0QlMjJfYmxhbmslMjIlM0Vwb2wlQzMlQUR0aWNhJTIwZGUlMjBwcml2YWNpZGFkJTNDJTJGYSUzRSUyMGRlJTIwJTNDYiUzRWF1dGlzbWUlMjBsYSUyMGdhcnJpZ2ElM0MlMkZiJTNFLiUzQyUyRnNwYW4lM0UlM0MlMkZwJTNFJTBEJTBBJTBEJTBBJTNDZGl2JTIwY2xhc3MlM0QlMjJyb3clMjIlM0UlMEQlMEElM0NkaXYlMjBjbGFzcyUzRCUyMmNvbCUyMiUzRSUwRCUwQSUzQ2xhYmVsJTNFQWNlcHRvJTIwcG9sJUMzJUFEdGljYSUyMGRlJTIwcHJpdmFjaWRhZCUyMCUzQ3NwYW4lMjBjbGFzcyUzRCUyMnJlcXVpcmVkJTIyJTNFJTNDc3Ryb25nJTNFJTI4b2JsaWdhdG9yaW8lMjklM0MlMkZzdHJvbmclM0UlM0MlMkZzcGFuJTNFJTNDJTJGbGFiZWwlM0UlMEQlMEElM0NpbnB1dCUyMG5hbWUlM0QlMjJhcGFmYWNfYWNjZXB0b19wb2xfcHJpdmFkZXNhX2MlMjIlMjBpZCUzRCUyMmFwYWZhY19hY2NlcHRvX3BvbF9wcml2YWRlc2FfYyUyMiUyMHR5cGUlM0QlMjJjaGVja2JveCUyMiUyMHJlcXVpcmVkJTNEJTIyJTIyJTIwJTJGJTNFJTBEJTBBJTNDJTJGZGl2JTNFJTBEJTBBJTNDZGl2JTIwY2xhc3MlM0QlMjJjb2wlMjIlM0UlQzIlQTAlM0MlMkZkaXYlM0UlMEQlMEElM0NkaXYlMjBjbGFzcyUzRCUyMmNsZWFyJTIyJTNFJUMyJUEwJTNDJTJGZGl2JTNFJTBEJTBBJTNDJTJGZGl2JTNFJTBEJTBBJTNDZGl2JTIwY2xhc3MlM0QlMjJyb3clMjIlM0UlMEQlMEElM0NkaXYlMjBjbGFzcyUzRCUyMmNvbCUyMiUzRSUwRCUwQSUzQ2xhYmVsJTNFUXVpZXJvJTIwcmVjaWJpciUyMG0lQzMlQTFzJTIwaW5mb3JtYWNpJUMzJUIzbiUyMGRlJTIwJTNDYiUzRWF1dGlzbWUlMjBsYSUyMGdhcnJpZ2ElM0MlMkZiJTNFJTNBJTIwJTNDJTJGbGFiZWwlM0UlMEQlMEElM0NpbnB1dCUyMG5hbWUlM0QlMjJhcGFmYWNfdnVsbF9pbmZvX2MlMjIlMjBpZCUzRCUyMmFwYWZhY192dWxsX2luZm9fYyUyMiUyMHR5cGUlM0QlMjJjaGVja2JveCUyMiUyMCUyRiUzRSUwRCUwQSUzQyUyRmRpdiUzRSUwRCUwQSUzQ2RpdiUyMGNsYXNzJTNEJTIyY29sJTIyJTNFJUMyJUEwJTNDJTJGZGl2JTNFJTBEJTBBJTNDZGl2JTIwY2xhc3MlM0QlMjJjbGVhciUyMiUzRSVDMiVBMCUzQyUyRmRpdiUzRSUwRCUwQSUzQyUyRmRpdiUzRSUwRCUwQSUzQ2RpdiUyMGNsYXNzJTNEJTIycm93JTIwY2VudGVyJTIwYnV0dG9ucyUyMiUzRSUzQ2lucHV0JTIwY2xhc3MlM0QlMjJidXR0b24lMjIlMjBuYW1lJTNEJTIyU3VibWl0JTIyJTIwdHlwZSUzRCUyMnN1Ym1pdCUyMiUyMHZhbHVlJTNEJTIyRW52aWElMjIlMjBvbmNsaWNrJTNEJTIyc3VibWl0X2Zvcm0lMjglMjklM0IlMjIlMjAlMkYlM0UlMEQlMEElM0NkaXYlMjBjbGFzcyUzRCUyMmNsZWFyJTIyJTNFJUMyJUEwJTNDJTJGZGl2JTNFJTBEJTBBJTNDJTJGZGl2JTNFJTBEJTBBJTNDaW5wdXQlMjBpZCUzRCUyMmFwYWZhY19kYXJyZXJfY19hZHF1aXNpY2lvX2MlMjIlMjB0eXBlJTNEJTIyaGlkZGVuJTIyJTIwbmFtZSUzRCUyMmFwYWZhY19kYXJyZXJfY19hZHF1aXNpY2lvX2MlMjIlMjB2YWx1ZSUzRCUyMnd3dy5hdXRpc21lLmNvbSUyMiUyMCUyRiUzRSUwRCUwQSUzQ2lucHV0JTIwbmFtZSUzRCUyMmNhbXBhaWduX2lkJTIyJTIwaWQlM0QlMjJjYW1wYWlnbl9pZCUyMiUyMHR5cGUlM0QlMjJoaWRkZW4lMjIlMjB2YWx1ZSUzRCUyMjRjNzVlNTEzLTBiMzUtYjk3NS0wNDE3LTY2NDIwYzRlYTNjZCUyMiUyMCUyRiUzRSUyMCUwRCUwQSUzQ2lucHV0JTIwbmFtZSUzRCUyMnJlZGlyZWN0X3VybCUyMiUyMGlkJTNEJTIycmVkaXJlY3RfdXJsJTIyJTIwdHlwZSUzRCUyMmhpZGRlbiUyMiUyMHZhbHVlJTNEJTIyaHR0cHMlM0ElMkYlMkZhdXRpc21lLmNvbSUyRm9rJTIyJTIwJTJGJTNFJTIwJTBEJTBBJTNDaW5wdXQlMjBuYW1lJTNEJTIyYXNzaWduZWRfdXNlcl9pZCUyMiUyMGlkJTNEJTIyYXNzaWduZWRfdXNlcl9pZCUyMiUyMHR5cGUlM0QlMjJoaWRkZW4lMjIlMjB2YWx1ZSUzRCUyMjM5Yzc3ZWJiLTQwNzEtNzI1OC1iNmYyLTY0ZmIyNDhmYmMzNSUyMiUyMCUyRiUzRSUyMCUwRCUwQSUzQ2lucHV0JTIwbmFtZSUzRCUyMm1vZHVsZURpciUyMiUyMGlkJTNEJTIybW9kdWxlRGlyJTIyJTIwdHlwZSUzRCUyMmhpZGRlbiUyMiUyMHZhbHVlJTNEJTIyQ29udGFjdHMlMjIlMjAlMkYlM0UlMEQlMEElM0NpbnB1dCUyMHR5cGUlM0QlMjJoaWRkZW4lMjIlMjBpZCUzRCUyMnJlZGlyZWN0X2tvX3VybCUyMiUyMG5hbWUlM0QlMjJyZWRpcmVjdF9rb191cmwlMjIlMjB2YWx1ZSUzRCUyMmh0dHBzJTNBJTJGJTJGd3d3LmF1dGlzbWUuY29tJTJGa28lMjIlMjAlMkYlM0UlMEQlMEElM0NpbnB1dCUyMG5hbWUlM0QlMjJzdGljLXJlY2FwdGNoYS1pZCUyMiUyMGlkJTNEJTIyc3RpYy1yZWNhcHRjaGEtaWQlMjIlMjB0eXBlJTNEJTIyaGlkZGVuJTIyJTIwdmFsdWUlM0QlMjJBVVRJU01FJTIyJTIwJTJGJTNFJTBEJTBBJTNDJTJGZm9ybSUzRSUwRCUwQSUzQ3NjcmlwdCUyMHNyYyUzRCUyMmh0dHBzJTNBJTJGJTJGd3d3Lmdvb2dsZS5jb20lMkZyZWNhcHRjaGElMkZhcGkuanMlM0ZyZW5kZXIlM0Q2TGRBMjU0cEFBQUFBQi1HWk1oMU9nSUpNYVBlZlJCM1V3a1JELVM3JTIyJTNFJTNDJTJGc2NyaXB0JTNFJTBEJTBBJTNDc2NyaXB0JTIwdHlwZSUzRCUyMnRleHQlMkZqYXZhc2NyaXB0JTIyJTNFJTBEJTBBJTBEJTBBJTIwJTIwJTIwJTIwJTJGJTJGJTIwU1RJQy1jdXN0b20lMjAyMDIxMTEyMiUyMC0lMjBqY2glMjAtJTIwQXZvaWQlMjBtdWx0aXBsZSUyMHN1Ym1pc3Npb24lMEQlMEElMjAlMjAlMjAlMjAlMkYlMkYlMjBTVElDJTIzNDg5JTBEJTBBJTIwJTIwJTIwJTIwdmFyJTIwZm9ybUhhc0FscmVhZHlCZWVuU2VudCUyMCUzRCUyMGZhbHNlJTNCJTBEJTBBJTIwJTIwJTIwJTIwJTJGJTJBJTJBJTBEJTBBJTIwJTIwJTIwJTIwJTIwJTJBJTIwUHJldmVudCUyMG11bHRpcGxlJTIwZm9ybSUyMHN1Ym1pc3Npb25zJTBEJTBBJTIwJTIwJTIwJTIwJTIwJTJBJTBEJTBBJTIwJTIwJTIwJTIwJTIwJTJBJTIwJTQwcmV0dXJuJTIwdm9pZCUwRCUwQSUyMCUyMCUyMCUyMCUyMCUyQSUyRiUwRCUwQSUyMCUyMCUyMCUyMGZ1bmN0aW9uJTIwbG9ja011bHRpcGxlU3VibWlzc2lvbnMlMjglMjklMjAlN0IlMEQlMEElMjAlMjAlMjAlMjAlMjAlMjAlMjAlMjBpZiUyMCUyOGZvcm1IYXNBbHJlYWR5QmVlblNlbnQlMjklMjAlN0IlMEQlMEElMjAlMjAlMjAlMjAlMjAlMjAlMjAlMjAlMjAlMjAlMjAlMjBjb25zb2xlLmxvZyUyOCUyMkZvcm0lMjBpcyUyMGxvY2tlZCUyMGJlY2F1c2UlMjBpdCUyMGhhcyUyMGFscmVhZHklMjBiZWVuJTIwc2VudC4lMjIlMjklM0IlMEQlMEElMjAlMjAlMjAlMjAlMjAlMjAlMjAlMjAlMjAlMjAlMjAlMjBldmVudC5wcmV2ZW50RGVmYXVsdCUyOCUyOSUzQiUwRCUwQSUyMCUyMCUyMCUyMCUyMCUyMCUyMCUyMCU3RCUwRCUwQSUyMCUyMCUyMCUyMCUyMCUyMCUyMCUyMGZvcm1IYXNBbHJlYWR5QmVlblNlbnQlMjAlM0QlMjB0cnVlJTNCJTBEJTBBJTIwJTIwJTIwJTIwJTdEJTIwJTIwJTIwJTIwJTJGJTJGJTIwQXR0YWNoJTIwZnVuY3Rpb24lMjB0byUyMGV2ZW50JTBEJTBBJTIwJTIwJTIwJTIwZG9jdW1lbnQuZ2V0RWxlbWVudEJ5SWQlMjglMjJXZWJUb0xlYWRGb3JtJTIyJTI5LmFkZEV2ZW50TGlzdGVuZXIlMjglMjJzdWJtaXQlMjIlMkMlMjBwcmVwYXJlQ2FwdGNoYSUyOSUzQiUwRCUwQSUwRCUwQSUyMCUyMCUyMCUyMGZ1bmN0aW9uJTIwcHJlcGFyZUNhcHRjaGElMjglMjklMjAlN0IlMEQlMEElMjAlMjAlMjAlMjAlMjAlMjAlMjAlMjBldmVudC5wcmV2ZW50RGVmYXVsdCUyOCUyOSUzQiUwRCUwQSUyMCUyMCUyMCUyMCUyMCUyMCUyMCUyMGdyZWNhcHRjaGEuZXhlY3V0ZSUyOCUyMjZMZEEyNTRwQUFBQUFCLUdaTWgxT2dJSk1hUGVmUkIzVXdrUkQtUzclMjIlMkMlMjAlN0IlN0QlMjkudGhlbiUyOGZ1bmN0aW9uJTIwJTI4dG9rZW4lMjklMjAlN0IlMEQlMEElMjAlMjAlMjAlMjAlMjAlMjAlMjAlMjAlMjAlMjAlMjAlMjAlMkYlMkYlMjBBZ3JlZ2Ftb3MlMjBlbCUyMHRva2VuJTIwYWwlMjBjYW1wbyUyMGRlbCUyMGZvcm11bGFyaW8lMEQlMEElMjAlMjAlMjAlMjAlMjAlMjAlMjAlMjAlMjAlMjAlMjAlMjBjb25zdCUyMHJlY2FwdGNoYUlucHV0JTIwJTNEJTIwZG9jdW1lbnQuY3JlYXRlRWxlbWVudCUyOCUyMmlucHV0JTIyJTI5JTNCJTBEJTBBJTIwJTIwJTIwJTIwJTIwJTIwJTIwJTIwJTIwJTIwJTIwJTIwcmVjYXB0Y2hhSW5wdXQudHlwZSUyMCUzRCUyMCUyMmhpZGRlbiUyMiUzQiUwRCUwQSUyMCUyMCUyMCUyMCUyMCUyMCUyMCUyMCUyMCUyMCUyMCUyMHJlY2FwdGNoYUlucHV0Lm5hbWUlMjAlM0QlMjAlMjJnLXJlY2FwdGNoYS1yZXNwb25zZSUyMiUzQiUwRCUwQSUyMCUyMCUyMCUyMCUyMCUyMCUyMCUyMCUyMCUyMCUyMCUyMHJlY2FwdGNoYUlucHV0LnZhbHVlJTIwJTNEJTIwdG9rZW4lM0IlMEQlMEElMjAlMjAlMjAlMjAlMjAlMjAlMjAlMjAlMjAlMjAlMjAlMjByZWNhcHRjaGFGb3JtJTIwJTNEJTIwZG9jdW1lbnQucXVlcnlTZWxlY3RvciUyOCUyMiUyM1dlYlRvTGVhZEZvcm0lMjIlMjklM0IlMEQlMEElMjAlMjAlMjAlMjAlMjAlMjAlMjAlMjAlMjAlMjAlMjAlMjByZWNhcHRjaGFGb3JtLmFwcGVuZENoaWxkJTI4cmVjYXB0Y2hhSW5wdXQlMjklM0IlMEQlMEElMjAlMjAlMjAlMjAlMjAlMjAlMjAlMjAlMjAlMjAlMjAlMjByZWNhcHRjaGFGb3JtLnN1Ym1pdCUyOCUyOSUzQiUwRCUwQSUyMCUyMCUyMCUyMCUyMCUyMCUyMCUyMCU3RCUyOSUzQiUwRCUwQSUyMCUyMCUyMCUyMCU3RCUwRCUwQSUyMCUyMCUyMCUyMCUyRiUyRiUyMEVORCUyMFNUSUMtY3VzdG9tJTBEJTBBJTIwJTIwJTIwJTIwZnVuY3Rpb24lMjBzdWJtaXRfZm9ybSUyOCUyOSUyMCU3QiUwRCUwQSUyMCUyMCUyMCUyMCUyMCUyMCUyMCUyMGlmJTIwJTI4dHlwZW9mJTI4dmFsaWRhdGVDYXB0Y2hhQW5kU3VibWl0JTI5JTIwJTIxJTNEJTIwJTIydW5kZWZpbmVkJTIyJTI5JTIwJTdCJTBEJTBBJTIwJTIwJTIwJTIwJTIwJTIwJTIwJTIwJTIwJTIwJTIwJTIwdmFsaWRhdGVDYXB0Y2hhQW5kU3VibWl0JTI4JTI5JTNCJTBEJTBBJTIwJTIwJTIwJTIwJTIwJTIwJTIwJTIwJTdEJTIwZWxzZSUyMCU3QiUwRCUwQSUyMCUyMCUyMCUyMCUyMCUyMCUyMCUyMCUyMCUyMCUyMCUyMGNoZWNrX3dlYnRvbGVhZF9maWVsZHMlMjglMjklM0IlMEQlMEElMjAlMjAlMjAlMjAlMjAlMjAlMjAlMjAlMjAlMjAlMjAlMjAlMkYlMkZkb2N1bWVudC5XZWJUb0xlYWRGb3JtLnN1Ym1pdCUyOCUyOSUzQiUwRCUwQSUyMCUyMCUyMCUyMCUyMCUyMCUyMCUyMCU3RCUwRCUwQSUyMCUyMCUyMCUyMCU3RCUwRCUwQSUwRCUwQSUyMCUyMCUyMCUyMGZ1bmN0aW9uJTIwY2hlY2tfd2VidG9sZWFkX2ZpZWxkcyUyOCUyOSUyMCU3QiUwRCUwQSUyMCUyMCUyMCUyMCUyMCUyMCUyMCUyMGlmJTIwJTI4ZG9jdW1lbnQuZ2V0RWxlbWVudEJ5SWQlMjglMjJib29sX2lkJTIyJTI5JTIwJTIxJTNEJTIwbnVsbCUyOSUyMCU3QiUwRCUwQSUyMCUyMCUyMCUyMCUyMCUyMCUyMCUyMCUyMCUyMCUyMCUyMHZhciUyMHJlcXMlMjAlM0QlMjBkb2N1bWVudC5nZXRFbGVtZW50QnlJZCUyOCUyMmJvb2xfaWQlMjIlMjkudmFsdWUlM0IlMEQlMEElMjAlMjAlMjAlMjAlMjAlMjAlMjAlMjAlMjAlMjAlMjAlMjBib29scyUyMCUzRCUyMHJlcXMuc3Vic3RyaW5nJTI4MCUyQyUyMHJlcXMubGFzdEluZGV4T2YlMjglMjIlM0IlMjIlMjklMjklM0IlMEQlMEElMjAlMjAlMjAlMjAlMjAlMjAlMjAlMjAlMjAlMjAlMjAlMjB2YXIlMjBib29sX2ZpZWxkcyUyMCUzRCUyMG5ldyUyMEFycmF5JTI4JTI5JTNCJTBEJTBBJTIwJTIwJTIwJTIwJTIwJTIwJTIwJTIwJTIwJTIwJTIwJTIwdmFyJTIwYm9vbF9maWVsZHMlMjAlM0QlMjBib29scy5zcGxpdCUyOCUyMiUzQiUyMiUyOSUzQiUwRCUwQSUyMCUyMCUyMCUyMCUyMCUyMCUyMCUyMCUyMCUyMCUyMCUyMG5icl9maWVsZHMlMjAlM0QlMjBib29sX2ZpZWxkcy5sZW5ndGglM0IlMEQlMEElMjAlMjAlMjAlMjAlMjAlMjAlMjAlMjAlMjAlMjAlMjAlMjBmb3IlMjAlMjh2YXIlMjBpJTIwJTNEJTIwMCUzQiUyMGklMjAlM0MlMjBuYnJfZmllbGRzJTNCJTIwaSUyQiUyQiUyOSUyMCU3QiUwRCUwQSUyMCUyMCUyMCUyMCUyMCUyMCUyMCUyMCUyMCUyMCUyMCUyMCUyMCUyMCUyMCUyMGlmJTIwJTI4ZG9jdW1lbnQuZ2V0RWxlbWVudEJ5SWQlMjhib29sX2ZpZWxkcyU1QmklNUQlMjkudmFsdWUlMjAlM0QlM0QlMjAlMjJvbiUyMiUyOSUyMCU3QiUwRCUwQSUyMCUyMCUyMCUyMCUyMCUyMCUyMCUyMCUyMCUyMCUyMCUyMCUyMCUyMCUyMCUyMCUyMCUyMCUyMCUyMGRvY3VtZW50LmdldEVsZW1lbnRCeUlkJTI4Ym9vbF9maWVsZHMlNUJpJTVEJTI5LnZhbHVlJTIwJTNEJTIwMSUzQiUwRCUwQSUyMCUyMCUyMCUyMCUyMCUyMCUyMCUyMCUyMCUyMCUyMCUyMCUyMCUyMCUyMCUyMCU3RCUyMGVsc2UlMjAlN0IlMEQlMEElMjAlMjAlMjAlMjAlMjAlMjAlMjAlMjAlMjAlMjAlMjAlMjAlMjAlMjAlMjAlMjAlMjAlMjAlMjAlMjBkb2N1bWVudC5nZXRFbGVtZW50QnlJZCUyOGJvb2xfZmllbGRzJTVCaSU1RCUyOS52YWx1ZSUyMCUzRCUyMDAlM0IlMEQlMEElMjAlMjAlMjAlMjAlMjAlMjAlMjAlMjAlMjAlMjAlMjAlMjAlMjAlMjAlMjAlMjAlN0QlMEQlMEElMjAlMjAlMjAlMjAlMjAlMjAlMjAlMjAlMjAlMjAlMjAlMjAlN0QlMEQlMEElMjAlMjAlMjAlMjAlMjAlMjAlMjAlMjAlN0QlMEQlMEElMjAlMjAlMjAlMjAlN0QlMEQlMEElM0MlMkZzY3JpcHQlM0UlM0MlMkZib2R5JTNFJTNDJTJGaHRtbCUzRQ==[\/vc_raw_html][\/vc_column][\/vc_row][vc_row][vc_column][\/vc_column][\/vc_row]<\/p>\n<\/div>","protected":false},"excerpt":{"rendered":"<p>[vc_row full_width=\u00bbstretch_row\u00bb bg_type=\u00bbbg_color\u00bb bg_color_value=\u00bb#ffffff\u00bb][vc_column][vc_column_text css=\u00bb.vc_custom_1734600763018{margin-top: 40px !important;}\u00bb] \u00bfTe gusta el deporte? [\/vc_column_text][vc_single_image image=\u00bb52875&#8243; img_size=\u00bbfull\u00bb css=\u00bb\u00bb][vc_row_inner el_id=\u00bbvine\u00bb][vc_column_inner width=\u00bb1\/2&#8243;][vc_column_text css=\u00bb\u00bb] Hacer deporte en autisme la garriga puede ser una experiencia enriquecedora, ya que la entidad promueve actividades f\u00edsicas adaptadas para personas con Trastorno del Espectro Autista (TEA). Estas actividades est\u00e1n dise\u00f1adas para fomentar el bienestar f\u00edsico, la&hellip;<\/p>\n","protected":false},"author":1,"featured_media":0,"parent":0,"menu_order":30,"comment_status":"closed","ping_status":"closed","template":"","meta":{"footnotes":""},"class_list":["post-52977","page","type-page","status-publish","hentry","description-off"],"yoast_head":"<!-- This site is optimized with the Yoast SEO plugin v27.4 - https:\/\/yoast.com\/product\/yoast-seo-wordpress\/ -->\n<title>\u00bfTe gusta el deporte? - Autisme la Garriga<\/title>\n<meta name=\"description\" content=\"Et donem la possibilitat que ens coneguis i que ens puguis transmetre la teva experi\u00e8ncia per tal de ser els ulls de la societat i que cada cop puguem apropar m\u00e9s la diversitat de l&#039;autisme.\" \/>\n<meta name=\"robots\" content=\"index, follow, max-snippet:-1, max-image-preview:large, max-video-preview:-1\" \/>\n<link rel=\"canonical\" href=\"https:\/\/www.autisme.com\/es\/deporte\/\" \/>\n<meta property=\"og:locale\" content=\"es_ES\" \/>\n<meta property=\"og:type\" content=\"article\" \/>\n<meta property=\"og:title\" content=\"\u00bfTe gusta el deporte? - Autisme la Garriga\" \/>\n<meta property=\"og:description\" content=\"Et donem la possibilitat que ens coneguis i que ens puguis transmetre la teva experi\u00e8ncia per tal de ser els ulls de la societat i que cada cop puguem apropar m\u00e9s la diversitat de l&#039;autisme.\" \/>\n<meta property=\"og:url\" content=\"https:\/\/www.autisme.com\/es\/deporte\/\" \/>\n<meta property=\"og:site_name\" content=\"Autisme la Garriga\" \/>\n<meta property=\"article:modified_time\" content=\"2024-12-20T11:58:59+00:00\" \/>\n<meta name=\"twitter:card\" content=\"summary_large_image\" \/>\n<meta name=\"twitter:label1\" content=\"Tiempo de lectura\" \/>\n\t<meta name=\"twitter:data1\" content=\"2 minutos\" \/>\n<script type=\"application\/ld+json\" class=\"yoast-schema-graph\">{\"@context\":\"https:\\\/\\\/schema.org\",\"@graph\":[{\"@type\":\"WebPage\",\"@id\":\"https:\\\/\\\/www.autisme.com\\\/es\\\/deporte\\\/\",\"url\":\"https:\\\/\\\/www.autisme.com\\\/es\\\/deporte\\\/\",\"name\":\"\u00bfTe gusta el deporte? - Autisme la Garriga\",\"isPartOf\":{\"@id\":\"https:\\\/\\\/www.autisme.com\\\/es\\\/#website\"},\"datePublished\":\"2024-12-18T10:19:35+00:00\",\"dateModified\":\"2024-12-20T11:58:59+00:00\",\"description\":\"Et donem la possibilitat que ens coneguis i que ens puguis transmetre la teva experi\u00e8ncia per tal de ser els ulls de la societat i que cada cop puguem apropar m\u00e9s la diversitat de l'autisme.\",\"breadcrumb\":{\"@id\":\"https:\\\/\\\/www.autisme.com\\\/es\\\/deporte\\\/#breadcrumb\"},\"inLanguage\":\"es\",\"potentialAction\":[{\"@type\":\"ReadAction\",\"target\":[\"https:\\\/\\\/www.autisme.com\\\/es\\\/deporte\\\/\"]}]},{\"@type\":\"BreadcrumbList\",\"@id\":\"https:\\\/\\\/www.autisme.com\\\/es\\\/deporte\\\/#breadcrumb\",\"itemListElement\":[{\"@type\":\"ListItem\",\"position\":1,\"name\":\"Inici\",\"item\":\"https:\\\/\\\/www.autisme.com\\\/es\\\/\"},{\"@type\":\"ListItem\",\"position\":2,\"name\":\"\u00bfTe gusta el deporte?\"}]},{\"@type\":\"WebSite\",\"@id\":\"https:\\\/\\\/www.autisme.com\\\/es\\\/#website\",\"url\":\"https:\\\/\\\/www.autisme.com\\\/es\\\/\",\"name\":\"Autisme la Garriga\",\"description\":\"\",\"potentialAction\":[{\"@type\":\"SearchAction\",\"target\":{\"@type\":\"EntryPoint\",\"urlTemplate\":\"https:\\\/\\\/www.autisme.com\\\/es\\\/?s={search_term_string}\"},\"query-input\":{\"@type\":\"PropertyValueSpecification\",\"valueRequired\":true,\"valueName\":\"search_term_string\"}}],\"inLanguage\":\"es\"}]}<\/script>\n<!-- \/ Yoast SEO plugin. -->","yoast_head_json":{"title":"\u00bfTe gusta el deporte? - Autisme la Garriga","description":"Et donem la possibilitat que ens coneguis i que ens puguis transmetre la teva experi\u00e8ncia per tal de ser els ulls de la societat i que cada cop puguem apropar m\u00e9s la diversitat de l'autisme.","robots":{"index":"index","follow":"follow","max-snippet":"max-snippet:-1","max-image-preview":"max-image-preview:large","max-video-preview":"max-video-preview:-1"},"canonical":"https:\/\/www.autisme.com\/es\/deporte\/","og_locale":"es_ES","og_type":"article","og_title":"\u00bfTe gusta el deporte? - Autisme la Garriga","og_description":"Et donem la possibilitat que ens coneguis i que ens puguis transmetre la teva experi\u00e8ncia per tal de ser els ulls de la societat i que cada cop puguem apropar m\u00e9s la diversitat de l'autisme.","og_url":"https:\/\/www.autisme.com\/es\/deporte\/","og_site_name":"Autisme la Garriga","article_modified_time":"2024-12-20T11:58:59+00:00","twitter_card":"summary_large_image","twitter_misc":{"Tiempo de lectura":"2 minutos"},"schema":{"@context":"https:\/\/schema.org","@graph":[{"@type":"WebPage","@id":"https:\/\/www.autisme.com\/es\/deporte\/","url":"https:\/\/www.autisme.com\/es\/deporte\/","name":"\u00bfTe gusta el deporte? - Autisme la Garriga","isPartOf":{"@id":"https:\/\/www.autisme.com\/es\/#website"},"datePublished":"2024-12-18T10:19:35+00:00","dateModified":"2024-12-20T11:58:59+00:00","description":"Et donem la possibilitat que ens coneguis i que ens puguis transmetre la teva experi\u00e8ncia per tal de ser els ulls de la societat i que cada cop puguem apropar m\u00e9s la diversitat de l'autisme.","breadcrumb":{"@id":"https:\/\/www.autisme.com\/es\/deporte\/#breadcrumb"},"inLanguage":"es","potentialAction":[{"@type":"ReadAction","target":["https:\/\/www.autisme.com\/es\/deporte\/"]}]},{"@type":"BreadcrumbList","@id":"https:\/\/www.autisme.com\/es\/deporte\/#breadcrumb","itemListElement":[{"@type":"ListItem","position":1,"name":"Inici","item":"https:\/\/www.autisme.com\/es\/"},{"@type":"ListItem","position":2,"name":"\u00bfTe gusta el deporte?"}]},{"@type":"WebSite","@id":"https:\/\/www.autisme.com\/es\/#website","url":"https:\/\/www.autisme.com\/es\/","name":"Autisme la Garriga","description":"","potentialAction":[{"@type":"SearchAction","target":{"@type":"EntryPoint","urlTemplate":"https:\/\/www.autisme.com\/es\/?s={search_term_string}"},"query-input":{"@type":"PropertyValueSpecification","valueRequired":true,"valueName":"search_term_string"}}],"inLanguage":"es"}]}},"_links":{"self":[{"href":"https:\/\/www.autisme.com\/es\/wp-json\/wp\/v2\/pages\/52977","targetHints":{"allow":["GET"]}}],"collection":[{"href":"https:\/\/www.autisme.com\/es\/wp-json\/wp\/v2\/pages"}],"about":[{"href":"https:\/\/www.autisme.com\/es\/wp-json\/wp\/v2\/types\/page"}],"author":[{"embeddable":true,"href":"https:\/\/www.autisme.com\/es\/wp-json\/wp\/v2\/users\/1"}],"replies":[{"embeddable":true,"href":"https:\/\/www.autisme.com\/es\/wp-json\/wp\/v2\/comments?post=52977"}],"version-history":[{"count":0,"href":"https:\/\/www.autisme.com\/es\/wp-json\/wp\/v2\/pages\/52977\/revisions"}],"wp:attachment":[{"href":"https:\/\/www.autisme.com\/es\/wp-json\/wp\/v2\/media?parent=52977"}],"curies":[{"name":"wp","href":"https:\/\/api.w.org\/{rel}","templated":true}]}}